{"id":5826,"date":"2021-11-04T19:29:44","date_gmt":"2021-11-04T18:29:44","guid":{"rendered":"https:\/\/ridebasetenerife.com\/team\/"},"modified":"2023-02-16T16:05:21","modified_gmt":"2023-02-16T15:05:21","slug":"team","status":"publish","type":"page","link":"https:\/\/ridebasetenerife.com\/de\/team\/","title":{"rendered":"Team"},"content":{"rendered":"\t\t<div data-elementor-type=\"wp-page\" data-elementor-id=\"5826\" class=\"elementor elementor-5826 elementor-5200\" data-elementor-settings=\"{&quot;ha_cmc_init_switcher&quot;:&quot;no&quot;}\" data-elementor-post-type=\"page\">\n\t\t\t\t\t\t<section class=\"elementor-section elementor-top-section elementor-element elementor-element-e17c751 elementor-section-boxed elementor-section-height-default elementor-section-height-default\" data-id=\"e17c751\" data-element_type=\"section\" data-settings=\"{&quot;_ha_eqh_enable&quot;:false}\">\n\t\t\t\t\t\t<div class=\"elementor-container elementor-column-gap-default\">\n\t\t\t\t\t<div class=\"elementor-column elementor-col-100 elementor-top-column elementor-element elementor-element-5e0dc68\" data-id=\"5e0dc68\" data-element_type=\"column\">\n\t\t\t<div class=\"elementor-widget-wrap elementor-element-populated\">\n\t\t\t\t\t\t<div class=\"elementor-element elementor-element-8a56666 elementor-position-left elementor-vertical-align-middle elementor-widget elementor-widget-image-box\" data-id=\"8a56666\" data-element_type=\"widget\" data-widget_type=\"image-box.default\">\n\t\t\t\t<div class=\"elementor-widget-container\">\n\t\t\t\t\t<div class=\"elementor-image-box-wrapper\"><figure class=\"elementor-image-box-img\"><img fetchpriority=\"high\" decoding=\"async\" width=\"600\" height=\"600\" src=\"https:\/\/ridebasetenerife.com\/wp-content\/uploads\/2019\/06\/alberto.jpg\" class=\"attachment-full size-full wp-image-3650\" alt=\"\" srcset=\"https:\/\/ridebasetenerife.com\/wp-content\/uploads\/2019\/06\/alberto.jpg 600w, https:\/\/ridebasetenerife.com\/wp-content\/uploads\/2019\/06\/alberto-200x200.jpg 200w, https:\/\/ridebasetenerife.com\/wp-content\/uploads\/2019\/06\/alberto-150x150.jpg 150w, https:\/\/ridebasetenerife.com\/wp-content\/uploads\/2019\/06\/alberto-300x300.jpg 300w\" sizes=\"(max-width: 600px) 100vw, 600px\" \/><\/figure><div class=\"elementor-image-box-content\"><h3 class=\"elementor-image-box-title\">Alberto<\/h3><p class=\"elementor-image-box-description\"><strong>UISP Mountain Bike<\/strong><br><br>Ich bin 44 Jahre alt. Ich stamme aus Modena, einer kleinen Stadt im Norden Italiens, und lebe seit 13 Jahren auf Teneriffa. Bevor ich hierher gezogen bin, habe ich viele L\u00e4nder der Welt bereist und bin meiner Leidenschaft f\u00fcr das Reisen und Surfen gefolgt. Ich habe eine starke Leidenschaft f\u00fcr Outdoor-Aktivit\u00e4ten und meine Lieblingssportarten sind Mountainbiking, Rennradfahren und Surfen mit mehr als 20 Jahren Erfahrung. W\u00e4hrend dieser Zeit auf der Insel lerne ich viele Aspekte der Natur, Umwelt und Kultur des Ortes kennen. Ich organisiere die Touren und wenn Sie sich einer Tour mit mir anschliessen, werden wir zusammen die besten Gegenden von Teneriffa auf einem Weg besuchen, der an Ihre F\u00e4higkeiten und W\u00fcnsche angepasst ist. Ich spreche flie\u00dfend Englisch, Spanisch, Portugiesisch und Italienisch. Ich bin UISP Mountain Bike Instruktor der ersten Stufe und EMTB F\u00fchrer.<\/p><\/div><\/div>\t\t\t\t<\/div>\n\t\t\t\t<\/div>\n\t\t\t\t\t<\/div>\n\t\t<\/div>\n\t\t\t\t\t<\/div>\n\t\t<\/section>\n\t\t\t\t<section class=\"elementor-section elementor-top-section elementor-element elementor-element-6a0964b elementor-section-boxed elementor-section-height-default elementor-section-height-default\" data-id=\"6a0964b\" data-element_type=\"section\" data-settings=\"{&quot;_ha_eqh_enable&quot;:false}\">\n\t\t\t\t\t\t<div class=\"elementor-container elementor-column-gap-default\">\n\t\t\t\t\t<div class=\"elementor-column elementor-col-100 elementor-top-column elementor-element elementor-element-752c6bc\" data-id=\"752c6bc\" data-element_type=\"column\">\n\t\t\t<div class=\"elementor-widget-wrap elementor-element-populated\">\n\t\t\t\t\t\t<div class=\"elementor-element elementor-element-4d03e4a elementor-position-right elementor-vertical-align-middle elementor-widget elementor-widget-image-box\" data-id=\"4d03e4a\" data-element_type=\"widget\" data-widget_type=\"image-box.default\">\n\t\t\t\t<div class=\"elementor-widget-container\">\n\t\t\t\t\t<div class=\"elementor-image-box-wrapper\"><figure class=\"elementor-image-box-img\"><img decoding=\"async\" width=\"600\" height=\"600\" src=\"https:\/\/ridebasetenerife.com\/wp-content\/uploads\/2021\/11\/rob.jpg\" class=\"attachment-full size-full wp-image-5215\" alt=\"\" srcset=\"https:\/\/ridebasetenerife.com\/wp-content\/uploads\/2021\/11\/rob.jpg 600w, https:\/\/ridebasetenerife.com\/wp-content\/uploads\/2021\/11\/rob-300x300.jpg 300w, https:\/\/ridebasetenerife.com\/wp-content\/uploads\/2021\/11\/rob-150x150.jpg 150w\" sizes=\"(max-width: 600px) 100vw, 600px\" \/><\/figure><div class=\"elementor-image-box-content\"><h3 class=\"elementor-image-box-title\">Rob<\/h3><p class=\"elementor-image-box-description\"><strong>Mountain bike guide<\/strong><br><br><span style=\"padding: 0px;margin: 0px;, Helvetica, Arial, Verdana, sans-serif;text-align: start\">Ich bin Rob, 27 Jahre alt. From the north west of England. I am the shop mechanic and mountain bike guide. I have a strong passion for mountain biking and anything on two wheels. which brought me here to the island. Ich lebe seit einem Jahr hier und erkunde die verschiedenen Landschaften, um die besten Trails, atemberaubende Aussichten und alles, was Teneriffa zu bieten hat, zu finden.<\/span><span style=\", Helvetica, Arial, Verdana, sans-serif;text-align: start\">.<\/span><\/p><\/div><\/div>\t\t\t\t<\/div>\n\t\t\t\t<\/div>\n\t\t\t\t\t<\/div>\n\t\t<\/div>\n\t\t\t\t\t<\/div>\n\t\t<\/section>\n\t\t\t\t<section class=\"elementor-section elementor-top-section elementor-element elementor-element-0244b10 elementor-section-boxed elementor-section-height-default elementor-section-height-default\" data-id=\"0244b10\" data-element_type=\"section\" data-settings=\"{&quot;_ha_eqh_enable&quot;:false}\">\n\t\t\t\t\t\t<div class=\"elementor-container elementor-column-gap-default\">\n\t\t\t\t\t<div class=\"elementor-column elementor-col-100 elementor-top-column elementor-element elementor-element-894842f\" data-id=\"894842f\" data-element_type=\"column\">\n\t\t\t<div class=\"elementor-widget-wrap elementor-element-populated\">\n\t\t\t\t\t\t<div class=\"elementor-element elementor-element-ee5130c elementor-position-left elementor-vertical-align-middle elementor-widget elementor-widget-image-box\" data-id=\"ee5130c\" data-element_type=\"widget\" data-widget_type=\"image-box.default\">\n\t\t\t\t<div class=\"elementor-widget-container\">\n\t\t\t\t\t<div class=\"elementor-image-box-wrapper\"><figure class=\"elementor-image-box-img\"><img decoding=\"async\" width=\"941\" height=\"941\" src=\"https:\/\/ridebasetenerife.com\/wp-content\/uploads\/2022\/04\/jonay.jpeg\" class=\"attachment-full size-full wp-image-6619\" alt=\"\" srcset=\"https:\/\/ridebasetenerife.com\/wp-content\/uploads\/2022\/04\/jonay.jpeg 941w, https:\/\/ridebasetenerife.com\/wp-content\/uploads\/2022\/04\/jonay-300x300.jpeg 300w, https:\/\/ridebasetenerife.com\/wp-content\/uploads\/2022\/04\/jonay-150x150.jpeg 150w, https:\/\/ridebasetenerife.com\/wp-content\/uploads\/2022\/04\/jonay-768x768.jpeg 768w\" sizes=\"(max-width: 941px) 100vw, 941px\" \/><\/figure><div class=\"elementor-image-box-content\"><h3 class=\"elementor-image-box-title\">Jonay<\/h3><p class=\"elementor-image-box-description\"><strong>Mountain bike guide<\/strong><br><br><span style=\"padding: 0px;margin: 0px;, Helvetica, Arial, Verdana, sans-serif;text-align: start\">Ich hei\u00dfe Jonay, bin 32 Jahre alt und seit 2012 in der Welt der gef\u00fchrten Touren unterwegs. Die Ecken der Insel auf den Routen, die wir fahren, zu zeigen, ist mein liebster Teil meiner Arbeit, abgesehen davon liebe ich alles, was mit Fahrr\u00e4dern und Sport im Allgemeinen zu tun hat.<\/span><span style=\", Helvetica, Arial, Verdana, sans-serif;text-align: start\">.<\/span><\/p><\/div><\/div>\t\t\t\t<\/div>\n\t\t\t\t<\/div>\n\t\t\t\t\t<\/div>\n\t\t<\/div>\n\t\t\t\t\t<\/div>\n\t\t<\/section>\n\t\t\t\t<\/div>\n\t\t","protected":false},"excerpt":{"rendered":"<p>Alberto UISP Mountain Bike Ich bin 44 Jahre alt. Ich stamme aus Modena, einer kleinen Stadt im Norden Italiens, und lebe seit 13 Jahren auf Teneriffa. Bevor ich hierher gezogen bin, habe ich viele L\u00e4nder der Welt bereist und bin meiner Leidenschaft f\u00fcr das Reisen und Surfen gefolgt. Ich habe eine starke Leidenschaft f\u00fcr Outdoor-Aktivit\u00e4ten [&hellip;]<\/p>\n","protected":false},"author":1,"featured_media":0,"parent":0,"menu_order":0,"comment_status":"closed","ping_status":"closed","template":"","meta":{"site-sidebar-layout":"no-sidebar","site-content-layout":"page-builder","ast-site-content-layout":"default","site-content-style":"default","site-sidebar-style":"default","ast-global-header-display":"","ast-banner-title-visibility":"","ast-main-header-display":"","ast-hfb-above-header-display":"","ast-hfb-below-header-display":"","ast-hfb-mobile-header-display":"","site-post-title":"disabled","ast-breadcrumbs-content":"","ast-featured-img":"disabled","footer-sml-layout":"","theme-transparent-header-meta":"","adv-header-id-meta":"","stick-header-meta":"","header-above-stick-meta":"","header-main-stick-meta":"","header-below-stick-meta":"","astra-migrate-meta-layouts":"default","ast-page-background-enabled":"default","ast-page-background-meta":{"desktop":{"background-color":"","background-image":"","background-repeat":"repeat","background-position":"center center","background-size":"auto","background-attachment":"scroll","background-type":"","background-media":"","overlay-type":"","overlay-color":"","overlay-opacity":"","overlay-gradient":""},"tablet":{"background-color":"","background-image":"","background-repeat":"repeat","background-position":"center center","background-size":"auto","background-attachment":"scroll","background-type":"","background-media":"","overlay-type":"","overlay-color":"","overlay-opacity":"","overlay-gradient":""},"mobile":{"background-color":"","background-image":"","background-repeat":"repeat","background-position":"center center","background-size":"auto","background-attachment":"scroll","background-type":"","background-media":"","overlay-type":"","overlay-color":"","overlay-opacity":"","overlay-gradient":""}},"ast-content-background-meta":{"desktop":{"background-color":"var(--ast-global-color-5)","background-image":"","background-repeat":"repeat","background-position":"center center","background-size":"auto","background-attachment":"scroll","background-type":"","background-media":"","overlay-type":"","overlay-color":"","overlay-opacity":"","overlay-gradient":""},"tablet":{"background-color":"var(--ast-global-color-5)","background-image":"","background-repeat":"repeat","background-position":"center center","background-size":"auto","background-attachment":"scroll","background-type":"","background-media":"","overlay-type":"","overlay-color":"","overlay-opacity":"","overlay-gradient":""},"mobile":{"background-color":"var(--ast-global-color-5)","background-image":"","background-repeat":"repeat","background-position":"center center","background-size":"auto","background-attachment":"scroll","background-type":"","background-media":"","overlay-type":"","overlay-color":"","overlay-opacity":"","overlay-gradient":""}},"footnotes":""},"class_list":["post-5826","page","type-page","status-publish","hentry"],"_links":{"self":[{"href":"https:\/\/ridebasetenerife.com\/de\/wp-json\/wp\/v2\/pages\/5826","targetHints":{"allow":["GET"]}}],"collection":[{"href":"https:\/\/ridebasetenerife.com\/de\/wp-json\/wp\/v2\/pages"}],"about":[{"href":"https:\/\/ridebasetenerife.com\/de\/wp-json\/wp\/v2\/types\/page"}],"author":[{"embeddable":true,"href":"https:\/\/ridebasetenerife.com\/de\/wp-json\/wp\/v2\/users\/1"}],"replies":[{"embeddable":true,"href":"https:\/\/ridebasetenerife.com\/de\/wp-json\/wp\/v2\/comments?post=5826"}],"version-history":[{"count":9,"href":"https:\/\/ridebasetenerife.com\/de\/wp-json\/wp\/v2\/pages\/5826\/revisions"}],"predecessor-version":[{"id":7698,"href":"https:\/\/ridebasetenerife.com\/de\/wp-json\/wp\/v2\/pages\/5826\/revisions\/7698"}],"wp:attachment":[{"href":"https:\/\/ridebasetenerife.com\/de\/wp-json\/wp\/v2\/media?parent=5826"}],"curies":[{"name":"wp","href":"https:\/\/api.w.org\/{rel}","templated":true}]}}