{"id":5828,"date":"2021-11-04T19:29:44","date_gmt":"2021-11-04T18:29:44","guid":{"rendered":"https:\/\/ridebasetenerife.com\/team\/"},"modified":"2023-02-16T16:05:25","modified_gmt":"2023-02-16T15:05:25","slug":"team","status":"publish","type":"page","link":"https:\/\/ridebasetenerife.com\/es\/team\/","title":{"rendered":"Team"},"content":{"rendered":"\t\t<div data-elementor-type=\"wp-page\" data-elementor-id=\"5828\" class=\"elementor elementor-5828 elementor-5200\" data-elementor-settings=\"{&quot;ha_cmc_init_switcher&quot;:&quot;no&quot;}\" data-elementor-post-type=\"page\">\n\t\t\t\t\t\t<section class=\"elementor-section elementor-top-section elementor-element elementor-element-e17c751 elementor-section-boxed elementor-section-height-default elementor-section-height-default\" data-id=\"e17c751\" data-element_type=\"section\" data-settings=\"{&quot;_ha_eqh_enable&quot;:false}\">\n\t\t\t\t\t\t<div class=\"elementor-container elementor-column-gap-default\">\n\t\t\t\t\t<div class=\"elementor-column elementor-col-100 elementor-top-column elementor-element elementor-element-5e0dc68\" data-id=\"5e0dc68\" data-element_type=\"column\">\n\t\t\t<div class=\"elementor-widget-wrap elementor-element-populated\">\n\t\t\t\t\t\t<div class=\"elementor-element elementor-element-8a56666 elementor-position-left elementor-vertical-align-middle elementor-widget elementor-widget-image-box\" data-id=\"8a56666\" data-element_type=\"widget\" data-widget_type=\"image-box.default\">\n\t\t\t\t<div class=\"elementor-widget-container\">\n\t\t\t\t\t<div class=\"elementor-image-box-wrapper\"><figure class=\"elementor-image-box-img\"><img fetchpriority=\"high\" decoding=\"async\" width=\"600\" height=\"600\" src=\"https:\/\/ridebasetenerife.com\/wp-content\/uploads\/2019\/06\/alberto.jpg\" class=\"attachment-full size-full wp-image-3652\" alt=\"\" srcset=\"https:\/\/ridebasetenerife.com\/wp-content\/uploads\/2019\/06\/alberto.jpg 600w, https:\/\/ridebasetenerife.com\/wp-content\/uploads\/2019\/06\/alberto-200x200.jpg 200w, https:\/\/ridebasetenerife.com\/wp-content\/uploads\/2019\/06\/alberto-150x150.jpg 150w, https:\/\/ridebasetenerife.com\/wp-content\/uploads\/2019\/06\/alberto-300x300.jpg 300w\" sizes=\"(max-width: 600px) 100vw, 600px\" \/><\/figure><div class=\"elementor-image-box-content\"><h3 class=\"elementor-image-box-title\">Alberto<\/h3><p class=\"elementor-image-box-description\"><strong>UISP Mountain Bike<\/strong><br><br>Tengo 44 a\u00f1os. Soy de M\u00f3dena, una peque\u00f1a ciudad del norte de Italia, y vivo en Tenerife desde hace 13 a\u00f1os. Antes de mudarme aqu\u00ed permanentemente, viaj\u00e9 por muchos pa\u00edses del mundo siguiendo mi pasi\u00f3n por los viajes y el surf. Tengo una gran pasi\u00f3n por las actividades al aire libre y mis deportes favoritos son la bicicleta de monta\u00f1a, el ciclismo de carretera y el surf, con m\u00e1s de 20 a\u00f1os de experiencia. Durante este tiempo en la isla he aprendido muchos aspectos de la naturaleza, el medio ambiente y la cultura del lugar. Yo organizo las actividades de los tours y si me acompa\u00f1as visitaremos juntos las mejores zonas de Tenerife en una ruta adaptada a tus capacidades y peticiones. Hablo con fluidez ingl\u00e9s, espa\u00f1ol, portugu\u00e9s e italiano. Soy instructor de primer nivel de la UISP para bicicletas de monta\u00f1a y gu\u00eda de EMTB.<\/p><\/div><\/div>\t\t\t\t<\/div>\n\t\t\t\t<\/div>\n\t\t\t\t\t<\/div>\n\t\t<\/div>\n\t\t\t\t\t<\/div>\n\t\t<\/section>\n\t\t\t\t<section class=\"elementor-section elementor-top-section elementor-element elementor-element-6a0964b elementor-section-boxed elementor-section-height-default elementor-section-height-default\" data-id=\"6a0964b\" data-element_type=\"section\" data-settings=\"{&quot;_ha_eqh_enable&quot;:false}\">\n\t\t\t\t\t\t<div class=\"elementor-container elementor-column-gap-default\">\n\t\t\t\t\t<div class=\"elementor-column elementor-col-100 elementor-top-column elementor-element elementor-element-752c6bc\" data-id=\"752c6bc\" data-element_type=\"column\">\n\t\t\t<div class=\"elementor-widget-wrap elementor-element-populated\">\n\t\t\t\t\t\t<div class=\"elementor-element elementor-element-4d03e4a elementor-position-right elementor-vertical-align-middle elementor-widget elementor-widget-image-box\" data-id=\"4d03e4a\" data-element_type=\"widget\" data-widget_type=\"image-box.default\">\n\t\t\t\t<div class=\"elementor-widget-container\">\n\t\t\t\t\t<div class=\"elementor-image-box-wrapper\"><figure class=\"elementor-image-box-img\"><img decoding=\"async\" width=\"600\" height=\"600\" src=\"https:\/\/ridebasetenerife.com\/wp-content\/uploads\/2021\/11\/rob.jpg\" class=\"attachment-full size-full wp-image-5217\" alt=\"\" srcset=\"https:\/\/ridebasetenerife.com\/wp-content\/uploads\/2021\/11\/rob.jpg 600w, https:\/\/ridebasetenerife.com\/wp-content\/uploads\/2021\/11\/rob-300x300.jpg 300w, https:\/\/ridebasetenerife.com\/wp-content\/uploads\/2021\/11\/rob-150x150.jpg 150w\" sizes=\"(max-width: 600px) 100vw, 600px\" \/><\/figure><div class=\"elementor-image-box-content\"><h3 class=\"elementor-image-box-title\">Rob<\/h3><p class=\"elementor-image-box-description\"><strong>Mountain bike guide<\/strong><br><br><span style=\"padding: 0px;margin: 0px;, Helvetica, Arial, Verdana, sans-serif;text-align: start\">Soy Rob, 27 a\u00f1os, originario del noroeste de Inglaterra. Soy el mec\u00e1nico de la tienda y el gu\u00eda de la bicicleta de monta\u00f1a. Tengo una gran pasi\u00f3n por el ciclismo de monta\u00f1a y todo lo que se mueve sobre dos ruedas, lo que me ha tra\u00eddo a la isla. Llevo 2 a\u00f1os viviendo aqu\u00ed, explorando los distintos paisajes para encontrar los mejores senderos, las impresionantes vistas y todo lo que Tenerife tiene que ofrecer<\/span><span style=\", Helvetica, Arial, Verdana, sans-serif;text-align: start\">.<\/span><\/p><\/div><\/div>\t\t\t\t<\/div>\n\t\t\t\t<\/div>\n\t\t\t\t\t<\/div>\n\t\t<\/div>\n\t\t\t\t\t<\/div>\n\t\t<\/section>\n\t\t\t\t<section class=\"elementor-section elementor-top-section elementor-element elementor-element-0244b10 elementor-section-boxed elementor-section-height-default elementor-section-height-default\" data-id=\"0244b10\" data-element_type=\"section\" data-settings=\"{&quot;_ha_eqh_enable&quot;:false}\">\n\t\t\t\t\t\t<div class=\"elementor-container elementor-column-gap-default\">\n\t\t\t\t\t<div class=\"elementor-column elementor-col-100 elementor-top-column elementor-element elementor-element-894842f\" data-id=\"894842f\" data-element_type=\"column\">\n\t\t\t<div class=\"elementor-widget-wrap elementor-element-populated\">\n\t\t\t\t\t\t<div class=\"elementor-element elementor-element-ee5130c elementor-position-left elementor-vertical-align-middle elementor-widget elementor-widget-image-box\" data-id=\"ee5130c\" data-element_type=\"widget\" data-widget_type=\"image-box.default\">\n\t\t\t\t<div class=\"elementor-widget-container\">\n\t\t\t\t\t<div class=\"elementor-image-box-wrapper\"><figure class=\"elementor-image-box-img\"><img decoding=\"async\" width=\"941\" height=\"941\" src=\"https:\/\/ridebasetenerife.com\/wp-content\/uploads\/2022\/04\/jonay.jpeg\" class=\"attachment-full size-full wp-image-6621\" alt=\"\" srcset=\"https:\/\/ridebasetenerife.com\/wp-content\/uploads\/2022\/04\/jonay.jpeg 941w, https:\/\/ridebasetenerife.com\/wp-content\/uploads\/2022\/04\/jonay-300x300.jpeg 300w, https:\/\/ridebasetenerife.com\/wp-content\/uploads\/2022\/04\/jonay-150x150.jpeg 150w, https:\/\/ridebasetenerife.com\/wp-content\/uploads\/2022\/04\/jonay-768x768.jpeg 768w\" sizes=\"(max-width: 941px) 100vw, 941px\" \/><\/figure><div class=\"elementor-image-box-content\"><h3 class=\"elementor-image-box-title\">Jonay<\/h3><p class=\"elementor-image-box-description\"><strong>Mountain bike guide<\/strong><br><br><span style=\"padding: 0px;margin: 0px;, Helvetica, Arial, Verdana, sans-serif;text-align: start\">Soy Jonay, tengo 32 a\u00f1os y llevo en este mundo de las rutas guiadas desde 2012. Ense\u00f1ar los rincones de la isla en las rutas que hacemos es la parte favorita de mi trabajo, aparte me encanta todo lo relacionado con las bicicletas y el deporte en general.<\/span><span style=\", Helvetica, Arial, Verdana, sans-serif;text-align: start\">.<\/span><\/p><\/div><\/div>\t\t\t\t<\/div>\n\t\t\t\t<\/div>\n\t\t\t\t\t<\/div>\n\t\t<\/div>\n\t\t\t\t\t<\/div>\n\t\t<\/section>\n\t\t\t\t<\/div>\n\t\t","protected":false},"excerpt":{"rendered":"<p>Alberto UISP Mountain Bike Tengo 44 a\u00f1os. Soy de M\u00f3dena, una peque\u00f1a ciudad del norte de Italia, y vivo en Tenerife desde hace 13 a\u00f1os. Antes de mudarme aqu\u00ed permanentemente, viaj\u00e9 por muchos pa\u00edses del mundo siguiendo mi pasi\u00f3n por los viajes y el surf. Tengo una gran pasi\u00f3n por las actividades al aire libre [&hellip;]<\/p>\n","protected":false},"author":1,"featured_media":0,"parent":0,"menu_order":0,"comment_status":"closed","ping_status":"closed","template":"","meta":{"site-sidebar-layout":"no-sidebar","site-content-layout":"page-builder","ast-site-content-layout":"default","site-content-style":"default","site-sidebar-style":"default","ast-global-header-display":"","ast-banner-title-visibility":"","ast-main-header-display":"","ast-hfb-above-header-display":"","ast-hfb-below-header-display":"","ast-hfb-mobile-header-display":"","site-post-title":"disabled","ast-breadcrumbs-content":"","ast-featured-img":"disabled","footer-sml-layout":"","theme-transparent-header-meta":"","adv-header-id-meta":"","stick-header-meta":"","header-above-stick-meta":"","header-main-stick-meta":"","header-below-stick-meta":"","astra-migrate-meta-layouts":"default","ast-page-background-enabled":"default","ast-page-background-meta":{"desktop":{"background-color":"","background-image":"","background-repeat":"repeat","background-position":"center center","background-size":"auto","background-attachment":"scroll","background-type":"","background-media":"","overlay-type":"","overlay-color":"","overlay-opacity":"","overlay-gradient":""},"tablet":{"background-color":"","background-image":"","background-repeat":"repeat","background-position":"center center","background-size":"auto","background-attachment":"scroll","background-type":"","background-media":"","overlay-type":"","overlay-color":"","overlay-opacity":"","overlay-gradient":""},"mobile":{"background-color":"","background-image":"","background-repeat":"repeat","background-position":"center center","background-size":"auto","background-attachment":"scroll","background-type":"","background-media":"","overlay-type":"","overlay-color":"","overlay-opacity":"","overlay-gradient":""}},"ast-content-background-meta":{"desktop":{"background-color":"var(--ast-global-color-5)","background-image":"","background-repeat":"repeat","background-position":"center center","background-size":"auto","background-attachment":"scroll","background-type":"","background-media":"","overlay-type":"","overlay-color":"","overlay-opacity":"","overlay-gradient":""},"tablet":{"background-color":"var(--ast-global-color-5)","background-image":"","background-repeat":"repeat","background-position":"center center","background-size":"auto","background-attachment":"scroll","background-type":"","background-media":"","overlay-type":"","overlay-color":"","overlay-opacity":"","overlay-gradient":""},"mobile":{"background-color":"var(--ast-global-color-5)","background-image":"","background-repeat":"repeat","background-position":"center center","background-size":"auto","background-attachment":"scroll","background-type":"","background-media":"","overlay-type":"","overlay-color":"","overlay-opacity":"","overlay-gradient":""}},"footnotes":""},"class_list":["post-5828","page","type-page","status-publish","hentry"],"_links":{"self":[{"href":"https:\/\/ridebasetenerife.com\/es\/wp-json\/wp\/v2\/pages\/5828","targetHints":{"allow":["GET"]}}],"collection":[{"href":"https:\/\/ridebasetenerife.com\/es\/wp-json\/wp\/v2\/pages"}],"about":[{"href":"https:\/\/ridebasetenerife.com\/es\/wp-json\/wp\/v2\/types\/page"}],"author":[{"embeddable":true,"href":"https:\/\/ridebasetenerife.com\/es\/wp-json\/wp\/v2\/users\/1"}],"replies":[{"embeddable":true,"href":"https:\/\/ridebasetenerife.com\/es\/wp-json\/wp\/v2\/comments?post=5828"}],"version-history":[{"count":6,"href":"https:\/\/ridebasetenerife.com\/es\/wp-json\/wp\/v2\/pages\/5828\/revisions"}],"predecessor-version":[{"id":7700,"href":"https:\/\/ridebasetenerife.com\/es\/wp-json\/wp\/v2\/pages\/5828\/revisions\/7700"}],"wp:attachment":[{"href":"https:\/\/ridebasetenerife.com\/es\/wp-json\/wp\/v2\/media?parent=5828"}],"curies":[{"name":"wp","href":"https:\/\/api.w.org\/{rel}","templated":true}]}}