{"id":5844,"date":"2017-11-08T23:08:48","date_gmt":"2017-11-08T22:08:48","guid":{"rendered":"https:\/\/ridebasetenerife.com\/cookies-privacy-policy\/"},"modified":"2017-11-08T23:08:48","modified_gmt":"2017-11-08T22:08:48","slug":"cookies-privacy-policy","status":"publish","type":"page","link":"https:\/\/ridebasetenerife.com\/es\/cookies-privacy-policy\/","title":{"rendered":"Cookies and Privacy Policy"},"content":{"rendered":"<p><strong>Privacidad y protecci\u00f3n de datos<\/strong><\/p>\n<p>En cumplimiento de la Ley Org\u00e1nica 15\/99 de 13 de diciembre de Protecci\u00f3n de Datos de Car\u00e1cter Personal, RIDE BASE TENERIFE (en adelante La Empresa) cumple estrictamente con todas las medidas necesarias para garantizar la seguridad, integridad y privacidad de los datos aportados a trav\u00e9s de los formularios de recogida de datos insertados en el sitio www.ridebasetenerife.com (en adelante el sitio).<\/p>\n<p>De acuerdo con el art\u00edculo 10 de la Ley 34\/2002, de 11 de julio, de Servicios de la Sociedad de la Informaci\u00f3n y de Comercio Electr\u00f3nico ponemos a su disposici\u00f3n los siguientes datos:<br \/>\n&#8211; Nombre del prestador del servicio: Alberto Brandoli.<br \/>\n&#8211; NIE X9667384R.<\/p>\n<p>Los datos personales introducidos libremente por el interesado (en adelante el usuario) en los formularios del sitio son empleados \u00fanica y exclusivamente por La Empresa para realizar sus labores de gesti\u00f3n administrativa, t\u00e9cnica y comercial. En ning\u00fan caso se ceder\u00e1n datos personales de los usuarios a terceros ajenos a La Empresa sin consentimiento expreso del afectado. La Empresa se compromete a cancelar los datos personales recabados cuando hayan dejado de ser necesarios o pertinentes para la finalidad para la cual fueron recogidos.<br \/>\nLa Empresa acceder\u00e1 a la cesi\u00f3n de datos \u00fanicamente cuando ello implique una necesidad para poder prestar a sus clientes los servicios contratados, cediendo estos \u00fanicamente a aquellas entidades y organismos que se encuentren \u00edntima y necesariamente ligados con la prestaci\u00f3n de los distintos servicios que se ofrecen en el sitio, trabajadores o colaboradores de La Empresa y compa\u00f1\u00edas o firmas profesionales que colaboren o ayuden en temas econ\u00f3micos, administrativos, legales, fiscales o financieros.<\/p>\n<p>El acceso del personal autorizado de La Empresa a los datos de usuarios o clientes se realiza de forma controlada y jer\u00e1rquica, seg\u00fan la pol\u00edtica interna de acceso y tratamiento de los datos de usuarios o clientes.<\/p>\n<p>El usuario que introduzca sus datos personales en los distintos formularios de alta del sitio tendr\u00e1 plena capacidad para ejercitar sus derechos de acceso, rectificaci\u00f3n, cancelaci\u00f3n y oposici\u00f3n en cualquier momento solicit\u00e1ndolo a La Empresa, de acuerdo con lo previsto en la citada LOPD. La transmisi\u00f3n de los datos se efect\u00faa de forma encriptada bajo una conexi\u00f3n segura; La Empresa asegura la absoluta confidencialidad y privacidad de los datos personales recogidos y por ello se han adoptado medidas esenciales de seguridad para evitar la alteraci\u00f3n, p\u00e9rdida, tratamiento o acceso no autorizado y garantizar as\u00ed su integridad y seguridad. Sin embargo, La Empresa no garantiza que terceros no autorizados que realicen cualquier tipo de ataque al sistema puedan tener conocimiento de las caracter\u00edsticas del uso que los usuarios hacen del sitio. Por ello, La Empresa no ser\u00e1 en ning\u00fan caso responsable de las incidencias que puedan surgir en torno a los datos personales cuando se deriven bien de un ataque o acceso no autorizado a los sistemas del sitio, de tal forma que sea imposible detectarlo por las actuales medidas de seguridad o bien cuando se deba a una falta de diligencia del usuario en cuanto a la guardia y custodia de sus claves de acceso o de sus propios datos personales.<\/p>\n<p>La informaci\u00f3n facilitada por el usuario deber\u00e1 ser veraz. A estos efectos, el usuario garantiza la autenticidad de todos aquellos datos que comunique como consecuencia de la cumplimentaci\u00f3n de los formularios necesarios para la recepci\u00f3n de la informaci\u00f3n solicitada. Igualmente, ser\u00e1 responsabilidad del usuario mantener dicha informaci\u00f3n permanentemente actualizada para que responda, en cada momento, a la situaci\u00f3n real del usuario. El usuario ser\u00e1 el \u00fanico responsable de las manifestaciones falsas o inexactas que realice y de los perjuicios que cause a La Empresa o a terceros por la informaci\u00f3n que facilite. La Empresa proh\u00edbe expresamente la reproducci\u00f3n, distribuci\u00f3n, comunicaci\u00f3n p\u00fablica, transformaci\u00f3n total o parcial, o cualquier otra actividad que se pueda realizar con los contenidos y\/o el software del sitio ni a\u00fan citando las fuentes, salvo consentimiento por escrito de La Empresa.<\/p>\n<p>La resoluci\u00f3n de cualquier conflicto, controversia o reclamaci\u00f3n derivada de la utilizaci\u00f3n del sitio, su contenido, o cualquiera de las actividades y\/o servicios en el ofrecidos, esta sometida la legislaci\u00f3n vigente espa\u00f1ola.<br \/>\nPara realizar cualquier consulta en materia de la pol\u00edtica de privacidad adoptada o en la ejecuci\u00f3n de los derechos otorgados por la LOPD al afectado, La Empresa pone a su disposici\u00f3n la direcci\u00f3n de correo electr\u00f3nico ridebasecanarias@gmail.com<\/p>\n<p>Para dar cumplimiento con lo establecido en la Ley 34\/2002, de 11 de julio, de servicios de la sociedad de la informaci\u00f3n y de comercio electr\u00f3nico, a continuaci\u00f3n, se indican los datos de informaci\u00f3n general de este sitio web: C\/ Manuel Y\u00e1nez Barreto Bajo B Local 2 Edif. Bah\u00eda Playa, 38400, Puerto de la Cruz.<\/p>\n<p>&nbsp;<\/p>\n","protected":false},"excerpt":{"rendered":"<p>Privacidad y protecci\u00f3n de datos En cumplimiento de la Ley Org\u00e1nica 15\/99 de 13 de diciembre de Protecci\u00f3n de Datos de Car\u00e1cter Personal, RIDE BASE TENERIFE (en adelante La Empresa) cumple estrictamente con todas las medidas necesarias para garantizar la seguridad, integridad y privacidad de los datos aportados a trav\u00e9s de los formularios de recogida [&hellip;]<\/p>\n","protected":false},"author":1,"featured_media":0,"parent":0,"menu_order":0,"comment_status":"closed","ping_status":"closed","template":"","meta":{"site-sidebar-layout":"default","site-content-layout":"","ast-site-content-layout":"default","site-content-style":"default","site-sidebar-style":"default","ast-global-header-display":"","ast-banner-title-visibility":"","ast-main-header-display":"","ast-hfb-above-header-display":"","ast-hfb-below-header-display":"","ast-hfb-mobile-header-display":"","site-post-title":"","ast-breadcrumbs-content":"","ast-featured-img":"","footer-sml-layout":"","theme-transparent-header-meta":"","adv-header-id-meta":"","stick-header-meta":"","header-above-stick-meta":"","header-main-stick-meta":"","header-below-stick-meta":"","astra-migrate-meta-layouts":"default","ast-page-background-enabled":"default","ast-page-background-meta":{"desktop":{"background-color":"","background-image":"","background-repeat":"repeat","background-position":"center center","background-size":"auto","background-attachment":"scroll","background-type":"","background-media":"","overlay-type":"","overlay-color":"","overlay-opacity":"","overlay-gradient":""},"tablet":{"background-color":"","background-image":"","background-repeat":"repeat","background-position":"center center","background-size":"auto","background-attachment":"scroll","background-type":"","background-media":"","overlay-type":"","overlay-color":"","overlay-opacity":"","overlay-gradient":""},"mobile":{"background-color":"","background-image":"","background-repeat":"repeat","background-position":"center center","background-size":"auto","background-attachment":"scroll","background-type":"","background-media":"","overlay-type":"","overlay-color":"","overlay-opacity":"","overlay-gradient":""}},"ast-content-background-meta":{"desktop":{"background-color":"var(--ast-global-color-5)","background-image":"","background-repeat":"repeat","background-position":"center center","background-size":"auto","background-attachment":"scroll","background-type":"","background-media":"","overlay-type":"","overlay-color":"","overlay-opacity":"","overlay-gradient":""},"tablet":{"background-color":"var(--ast-global-color-5)","background-image":"","background-repeat":"repeat","background-position":"center center","background-size":"auto","background-attachment":"scroll","background-type":"","background-media":"","overlay-type":"","overlay-color":"","overlay-opacity":"","overlay-gradient":""},"mobile":{"background-color":"var(--ast-global-color-5)","background-image":"","background-repeat":"repeat","background-position":"center center","background-size":"auto","background-attachment":"scroll","background-type":"","background-media":"","overlay-type":"","overlay-color":"","overlay-opacity":"","overlay-gradient":""}},"footnotes":""},"class_list":["post-5844","page","type-page","status-publish","hentry"],"_links":{"self":[{"href":"https:\/\/ridebasetenerife.com\/es\/wp-json\/wp\/v2\/pages\/5844","targetHints":{"allow":["GET"]}}],"collection":[{"href":"https:\/\/ridebasetenerife.com\/es\/wp-json\/wp\/v2\/pages"}],"about":[{"href":"https:\/\/ridebasetenerife.com\/es\/wp-json\/wp\/v2\/types\/page"}],"author":[{"embeddable":true,"href":"https:\/\/ridebasetenerife.com\/es\/wp-json\/wp\/v2\/users\/1"}],"replies":[{"embeddable":true,"href":"https:\/\/ridebasetenerife.com\/es\/wp-json\/wp\/v2\/comments?post=5844"}],"version-history":[{"count":0,"href":"https:\/\/ridebasetenerife.com\/es\/wp-json\/wp\/v2\/pages\/5844\/revisions"}],"wp:attachment":[{"href":"https:\/\/ridebasetenerife.com\/es\/wp-json\/wp\/v2\/media?parent=5844"}],"curies":[{"name":"wp","href":"https:\/\/api.w.org\/{rel}","templated":true}]}}